{"id":11,"date":"2021-01-19T19:39:34","date_gmt":"2021-01-19T19:39:34","guid":{"rendered":"https:\/\/inso.koeln\/?page_id=11"},"modified":"2021-01-19T20:22:10","modified_gmt":"2021-01-19T20:22:10","slug":"gestalte-deine-website-mit-bloecken","status":"publish","type":"page","link":"https:\/\/inso.koeln\/","title":{"rendered":"IN\/S\/O und PROPELLER Coach"},"content":{"rendered":"\n<div class=\"wp-block-columns is-layout-flex wp-container-core-columns-is-layout-9d6595d7 wp-block-columns-is-layout-flex\">\n<div class=\"wp-block-column is-layout-flow wp-block-column-is-layout-flow\" style=\"flex-basis:100%\">\n<div class=\"wp-block-columns is-layout-flex wp-container-core-columns-is-layout-9d6595d7 wp-block-columns-is-layout-flex\">\n<div class=\"wp-block-column is-layout-flow wp-block-column-is-layout-flow\">\n<figure class=\"wp-block-image size-large\"><img loading=\"lazy\" decoding=\"async\" width=\"284\" height=\"189\" src=\"https:\/\/inso.koeln\/wp-content\/uploads\/2021\/01\/inso.jpeg\" alt=\"\" class=\"wp-image-34\"\/><\/figure>\n<\/div>\n\n\n\n<div class=\"wp-block-column is-layout-flow wp-block-column-is-layout-flow\">\n<figure class=\"wp-block-image size-large\"><img loading=\"lazy\" decoding=\"async\" width=\"359\" height=\"209\" src=\"https:\/\/inso.koeln\/wp-content\/uploads\/2021\/01\/propeller.png\" alt=\"\" class=\"wp-image-33\" srcset=\"https:\/\/inso.koeln\/wp-content\/uploads\/2021\/01\/propeller.png 359w, https:\/\/inso.koeln\/wp-content\/uploads\/2021\/01\/propeller-300x175.png 300w\" sizes=\"auto, (max-width: 359px) 100vw, 359px\" \/><\/figure>\n<\/div>\n<\/div>\n<\/div>\n<\/div>\n\n\n\n<div class=\"wp-block-columns alignwide is-style-default is-layout-flex wp-container-core-columns-is-layout-9d6595d7 wp-block-columns-is-layout-flex\"><\/div>\n\n\n\n<p>Hier entsteht unsere neue Website. Aktuell werden die Unternehmen <strong><em>IN\/S\/O eG<\/em><\/strong> und <strong><span style=\"color: red\">PROPELLER<\/span>\u202fCoach GmbH<\/strong> verschmolzen. Nach Abschluss des Verfahrens werden wir unter <strong>INSO<\/strong> GmbH firmieren.<\/p>\n\n\n\n<div style=\"height:24px\" aria-hidden=\"true\" class=\"wp-block-spacer\"><\/div>\n\n\n\n<p>Unser Motto<\/p>\n\n\n\n<blockquote class=\"wp-block-quote is-layout-flow wp-block-quote-is-layout-flow\"><p>Mit <span style=\"color: red;\">PRO<\/span>zessen und <span style=\"color: red;\">PE<\/span>rsonen <span style=\"color: red;\">L<\/span>ernende <span style=\"color: red;\">L<\/span>\u00f6sungen gestalten, die orientiert an Ihren Zielen, optimale <span style=\"color: red;\">ER<\/span>gebnisse erbringen.<br><br>Als <strong>Coach<\/strong>\u202funterst\u00fctzen wir Sie beim Aussch\u00f6pfen und Entwickeln Ihrer Potenziale. Mit frischem Wind und dem konstruktiven Blick von au\u00dfen treiben wir Sie und Ihre Erfolgschancen an.<\/p><\/blockquote>\n\n\n\n<p>und die bew\u00e4hrten Ansprechpersonen<strong>\u00a0<\/strong>bleiben:<\/p>\n\n\n\n<div style=\"height:24px\" aria-hidden=\"true\" class=\"wp-block-spacer\"><\/div>\n\n\n\n<div class=\"wp-block-columns is-layout-flex wp-container-core-columns-is-layout-9d6595d7 wp-block-columns-is-layout-flex\">\n<div class=\"wp-block-column is-layout-flow wp-block-column-is-layout-flow\">\n<p>Bruno Hastrich<br><em>Gesch\u00e4ftsf\u00fchrer<\/em><\/p>\n\n\n\n<p><a href=\"mailto:bruno.hastrich@inso.koeln\">bruno.hastrich@inso.koeln<\/a><br><a href=\"tel:01577-1961058\">01577 1961058<\/a><\/p>\n<\/div>\n\n\n\n<div class=\"wp-block-column is-layout-flow wp-block-column-is-layout-flow\">\n<p>Manuela Hastrich<br><em>Senior Consultant<\/em><\/p>\n\n\n\n<p><a href=\"mailto:manuela.hastrich@inso.koeln\">manuela.hastrich@inso.koeln<\/a><br><a href=\"tel:01577-1964191\">01577 1964191<\/a><\/p>\n<\/div>\n<\/div>\n\n\n\n<div style=\"height:24px\" aria-hidden=\"true\" class=\"wp-block-spacer\"><\/div>\n\n\n\n<div class=\"wp-block-columns is-layout-flex wp-container-core-columns-is-layout-9d6595d7 wp-block-columns-is-layout-flex\">\n<div class=\"wp-block-column is-layout-flow wp-block-column-is-layout-flow\">\n<p>IN\/S\/O eG<br>Richmodstr. 6<br>50667 K\u00f6ln<\/p>\n<\/div>\n\n\n\n<div class=\"wp-block-column is-layout-flow wp-block-column-is-layout-flow\">\n<p>PROPELLER Coach GmbH<br>Josefstr. 26<br>51143 K\u00f6ln<\/p>\n<\/div>\n<\/div>\n\n\n\n<p><\/p>\n","protected":false},"excerpt":{"rendered":"<p>Hier entsteht unsere neue Website. Aktuell werden die Unternehmen IN\/S\/O eG und PROPELLER\u202fCoach GmbH verschmolzen. Nach Abschluss des Verfahrens werden wir unter INSO GmbH firmieren. Unser Motto Mit PROzessen und PErsonen Lernende L\u00f6sungen gestalten, die orientiert an Ihren Zielen, optimale ERgebnisse erbringen. Als Coach\u202funterst\u00fctzen wir Sie beim Aussch\u00f6pfen und Entwickeln Ihrer Potenziale. Mit frischem Wind&hellip; <a class=\"more-link\" href=\"https:\/\/inso.koeln\/\"><span class=\"screen-reader-text\">IN\/S\/O und PROPELLER Coach<\/span> weiterlesen<\/a><\/p>\n","protected":false},"author":1,"featured_media":0,"parent":0,"menu_order":0,"comment_status":"closed","ping_status":"closed","template":"","meta":{"footnotes":""},"class_list":["post-11","page","type-page","status-publish","hentry","entry"],"_links":{"self":[{"href":"https:\/\/inso.koeln\/index.php\/wp-json\/wp\/v2\/pages\/11","targetHints":{"allow":["GET"]}}],"collection":[{"href":"https:\/\/inso.koeln\/index.php\/wp-json\/wp\/v2\/pages"}],"about":[{"href":"https:\/\/inso.koeln\/index.php\/wp-json\/wp\/v2\/types\/page"}],"author":[{"embeddable":true,"href":"https:\/\/inso.koeln\/index.php\/wp-json\/wp\/v2\/users\/1"}],"replies":[{"embeddable":true,"href":"https:\/\/inso.koeln\/index.php\/wp-json\/wp\/v2\/comments?post=11"}],"version-history":[{"count":4,"href":"https:\/\/inso.koeln\/index.php\/wp-json\/wp\/v2\/pages\/11\/revisions"}],"predecessor-version":[{"id":37,"href":"https:\/\/inso.koeln\/index.php\/wp-json\/wp\/v2\/pages\/11\/revisions\/37"}],"wp:attachment":[{"href":"https:\/\/inso.koeln\/index.php\/wp-json\/wp\/v2\/media?parent=11"}],"curies":[{"name":"wp","href":"https:\/\/api.w.org\/{rel}","templated":true}]}}